{"id":4064,"date":"2014-09-30T13:11:03","date_gmt":"2014-09-30T11:11:03","guid":{"rendered":"https:\/\/www.camping-first.de\/?page_id=4064"},"modified":"2018-09-19T13:59:38","modified_gmt":"2018-09-19T11:59:38","slug":"antennas","status":"publish","type":"page","link":"https:\/\/www.camping-first.de\/en\/produkte\/antennas\/","title":{"rendered":"Antennas"},"content":{"rendered":"<div class=\"wpb-content-wrapper\"><p>[vc_row background_color=&#8221;#e7343f&#8221; text_animation=&#8221;none&#8221; text_animation_delay=&#8221;&#8221; el_id=&#8221;&#8221; css=&#8221;&#8221;][vc_column offset=&#8221;vc_hidden-lg vc_hidden-md vc_hidden-sm&#8221;][vc_column_text css=&#8221;.vc_custom_1537265459211{padding-top: 10px !important;padding-bottom: 10px !important;}&#8221;]<\/p>\n<h2 style=\"text-align: center;\"><span style=\"color: #ffffff;\">Antennen<\/span><\/h2>\n<p>[\/vc_column_text][\/vc_column][\/vc_row][vc_row gap=&#8221;zero&#8221; type=&#8221;full_width&#8221; title=&#8221;Das Unternehmen&#8221; title_color=&#8221;#ffffff&#8221; title_fontsize=&#8221;48&#8243; text_title_border=&#8221;none&#8221; text_border_underline_color=&#8221;&#8221; text_under_align=&#8221;center&#8221; subtitle=&#8221;Megasat Werke GmbH&#8221; subtitle_color=&#8221;#ffffff&#8221; text_content=&#8221;&#8221; text_align=&#8221;center&#8221; content_fontsize=&#8221;24&#8243; text_content_color=&#8221;&#8221; url=&#8221;&#8221; target=&#8221;_self&#8221; bg_color=&#8221;rgba(0,158,224,0.01)&#8221; border_color=&#8221;rgba(255,255,255,0.01)&#8221; content_border_width=&#8221;2px&#8221;][vc_column css=&#8221;.vc_custom_1537265487830{padding-top: 150px !important;padding-bottom: 150px !important;background-image: url(https:\/\/www.camping-first.de\/wp-content\/uploads\/megasat_antennen_banner.png?id=13703) !important;}&#8221; offset=&#8221;vc_hidden-xs&#8221;]\r\n    <style type=\"text\/css\" media=\"all\">\r\n                      \r\n        #textbox_1 .textBox .frame div            {\r\n                background-color: rgba(255,255,255,0.01);  \r\n            }\r\n\r\n        \r\n        \r\n    <\/style>\r\n    \r\n    <div id=\"textbox_1\" class=\"custom-textbox\">\r\n        <div class=\"custom-textbox-bg\"  style=\"background-color:rgba(0,158,224,0.01)\" ><\/div>\r\n        <div  class=\"textBox   nosubtitle   fontSize48 textBoxCenter textBoxUnderCenter textBoxNoStyle\">\r\n        <div class=\"frame top\">\r\n            <div><\/div>\r\n        <\/div>\r\n        <div class=\"frame right\">\r\n            <div><\/div>\r\n        <\/div>\r\n        <div class=\"frame bottom\">\r\n            <div><\/div>\r\n        <\/div>\r\n        <div class=\"frame left\">\r\n            <div><\/div>\r\n        <\/div>   \r\n            \r\n                                             \r\n                        <div class=\"clearfix\">\r\n                            <div class=\"title clearfix\"  style=\"color:#ffffff;\" >\r\n                                \r\n                                \r\n                                Antennen\r\n                                \r\n                                                            \r\n                            <\/div>\r\n                        <\/div>\r\n\r\n                    \r\n                        \r\n                        \r\n        <\/div>\r\n    <\/div>\r\n\r\n    [\/vc_column][\/vc_row][vc_row title=&#8221;Satelliten-Receiver&#8221; title_color=&#8221;#020202&#8243; title_fontsize=&#8221;24&#8243; text_title_border=&#8221;none&#8221; text_border_underline_color=&#8221;&#8221; text_under_align=&#8221;left&#8221; subtitle=&#8221;&#8221; subtitle_color=&#8221;&#8221; text_content=&#8221;Zum Empfang von digitalen Fernseh- und Radioprogrammen \u00fcber eine Satellitenanlage (DVB-S und DVB-S2).&#8221; text_align=&#8221;left&#8221; content_fontsize=&#8221;14&#8243; text_content_color=&#8221;#020202&#8243; url=&#8221;https:\/\/www.camping-first.de\/produkt-kategorie\/home-tv\/receiver\/satelliten-receiver\/&#8221; target=&#8221;_self&#8221; bg_color=&#8221;#ffffff&#8221; border_color=&#8221;#e7343f&#8221; content_border_width=&#8221;2px&#8221; row_padding_top=&#8221;50&#8243;][vc_column width=&#8221;1\/3&#8243;]\r\n    <style type=\"text\/css\" media=\"all\">\r\n                      \r\n        #textbox_2 .textBox .frame div            {\r\n                background-color: #e7343f;  \r\n            }\r\n\r\n        \r\n        \r\n    <\/style>\r\n    \r\n    <div id=\"textbox_2\" class=\"custom-textbox\">\r\n        <div class=\"custom-textbox-bg\"  style=\"background-color:#ffffff\" ><\/div>\r\n        <div  class=\"textBox   nosubtitle   fontSize24 textBoxleft textBoxUnderleft textBoxNoStyle\">\r\n        <div class=\"frame top\">\r\n            <div><\/div>\r\n        <\/div>\r\n        <div class=\"frame right\">\r\n            <div><\/div>\r\n        <\/div>\r\n        <div class=\"frame bottom\">\r\n            <div><\/div>\r\n        <\/div>\r\n        <div class=\"frame left\">\r\n            <div><\/div>\r\n        <\/div>   \r\n            \r\n                                            \r\n                        <div class=\"clearfix\">\r\n                            <div class=\"title\"  style=\"color:#020202;\" >\r\n                                \r\n                                    \r\n                                     <a href=\"https:\/\/www.camping-first.de\/produkt-kategorie\/home-tv\/antennen\/dvb-t-antennen-2\/\" target=\"_self\">\r\n                                        DVB-T Antennen                                     <\/a>          \r\n                                               \r\n                                    \r\n                                                                <\/div>\r\n                        <\/div>\r\n\r\n                    \r\n                        \r\n                            <div class=\"contentfs14 text\"  style=\"color: #020202;\" >Die Antennen empfangen bequem und kosteng\u00fcnstig DVB-T Signale und geben sie weiter an einen DVB-T Receiver.<\/div>\r\n                        \r\n        <\/div>\r\n    <\/div>\r\n\r\n    [\/vc_column][vc_column width=&#8221;1\/3&#8243;]\r\n    <style type=\"text\/css\" media=\"all\">\r\n                      \r\n        #textbox_3 .textBox .frame div            {\r\n                background-color: #e7343f;  \r\n            }\r\n\r\n        \r\n        \r\n    <\/style>\r\n    \r\n    <div id=\"textbox_3\" class=\"custom-textbox\">\r\n        <div class=\"custom-textbox-bg\"  style=\"background-color:#ffffff\" ><\/div>\r\n        <div  class=\"textBox   nosubtitle   fontSize24 textBoxleft textBoxUnderleft textBoxNoStyle\">\r\n        <div class=\"frame top\">\r\n            <div><\/div>\r\n        <\/div>\r\n        <div class=\"frame right\">\r\n            <div><\/div>\r\n        <\/div>\r\n        <div class=\"frame bottom\">\r\n            <div><\/div>\r\n        <\/div>\r\n        <div class=\"frame left\">\r\n            <div><\/div>\r\n        <\/div>   \r\n            \r\n                                            \r\n                        <div class=\"clearfix\">\r\n                            <div class=\"title\"  style=\"color:#020202;\" >\r\n                                \r\n                                    \r\n                                     <a href=\"https:\/\/www.camping-first.de\/produkt-kategorie\/home-tv\/antennen\/flachantennen\/\" target=\"_self\">\r\n                                        Flachantennen                                     <\/a>          \r\n                                               \r\n                                    \r\n                                                                <\/div>\r\n                        <\/div>\r\n\r\n                    \r\n                        \r\n                            <div class=\"contentfs14 text\"  style=\"color: #020202;\" >Spezielle Technik erm\u00f6glicht eine kompakte Form. Die Antennen sind ideal dort, wo herk\u00f6mmliche Spiegel unerw\u00fcnscht oder st\u00f6rend sind.<\/div>\r\n                        \r\n        <\/div>\r\n    <\/div>\r\n\r\n    [\/vc_column][vc_column width=&#8221;1\/3&#8243;]\r\n    <style type=\"text\/css\" media=\"all\">\r\n                      \r\n        #textbox_4 .textBox .frame div            {\r\n                background-color: #e7343f;  \r\n            }\r\n\r\n        \r\n        \r\n    <\/style>\r\n    \r\n    <div id=\"textbox_4\" class=\"custom-textbox\">\r\n        <div class=\"custom-textbox-bg\"  style=\"background-color:#ffffff\" ><\/div>\r\n        <div  class=\"textBox   nosubtitle   fontSize24 textBoxleft textBoxUnderleft textBoxNoStyle\">\r\n        <div class=\"frame top\">\r\n            <div><\/div>\r\n        <\/div>\r\n        <div class=\"frame right\">\r\n            <div><\/div>\r\n        <\/div>\r\n        <div class=\"frame bottom\">\r\n            <div><\/div>\r\n        <\/div>\r\n        <div class=\"frame left\">\r\n            <div><\/div>\r\n        <\/div>   \r\n            \r\n                                            \r\n                        <div class=\"clearfix\">\r\n                            <div class=\"title\"  style=\"color:#020202;\" >\r\n                                \r\n                                    \r\n                                     <a href=\"https:\/\/www.camping-first.de\/produkt-kategorie\/home-tv\/antennen\/satelliten-spiegel\/\" target=\"_self\">\r\n                                        Satelliten-Spiegel                                     <\/a>          \r\n                                               \r\n                                    \r\n                                                                <\/div>\r\n                        <\/div>\r\n\r\n                    \r\n                        \r\n                            <div class=\"contentfs14 text\"  style=\"color: #020202;\" >Der Spiegel empf\u00e4ngt die Fernseh- und Radiosignale vom Satelliten und reflektiert sie an das LNB.<\/div>\r\n                        \r\n        <\/div>\r\n    <\/div>\r\n\r\n    [\/vc_column][\/vc_row]<\/p>\n<\/div>","protected":false},"excerpt":{"rendered":"<p>[vc_row background_color=&#8221;#e7343f&#8221; text_animation=&#8221;none&#8221; text_animation_delay=&#8221;&#8221; el_id=&#8221;&#8221; css=&#8221;&#8221;][vc_column offset=&#8221;vc_hidden-lg vc_hidden-md vc_hidden-sm&#8221;][vc_column_text css=&#8221;.vc_custom_1537265459211{padding-top: 10px !important;padding-bottom: 10px !important;}&#8221;] Antennen [\/vc_column_text][\/vc_column][\/vc_row][vc_row gap=&#8221;zero&#8221; type=&#8221;full_width&#8221; title=&#8221;Das Unternehmen&#8221; title_color=&#8221;#ffffff&#8221; title_fontsize=&#8221;48&#8243; text_title_border=&#8221;none&#8221; text_border_underline_color=&#8221;&#8221; text_under_align=&#8221;center&#8221; subtitle=&#8221;Megasat Werke GmbH&#8221; subtitle_color=&#8221;#ffffff&#8221; text_content=&#8221;&#8221; text_align=&#8221;center&#8221; content_fontsize=&#8221;24&#8243; text_content_color=&#8221;&#8221; url=&#8221;&#8221; target=&#8221;_self&#8221; bg_color=&#8221;rgba(0,158,224,0.01)&#8221; border_color=&#8221;rgba(255,255,255,0.01)&#8221; content_border_width=&#8221;2px&#8221;][vc_column css=&#8221;.vc_custom_1537265487830{padding-top: 150px !important;padding-bottom: 150px !important;background-image: url(https:\/\/www.camping-first.de\/wp-content\/uploads\/megasat_antennen_banner.png?id=13703) !important;}&#8221; offset=&#8221;vc_hidden-xs&#8221;][\/vc_column][\/vc_row][vc_row title=&#8221;Satelliten-Receiver&#8221; title_color=&#8221;#020202&#8243; title_fontsize=&#8221;24&#8243; text_title_border=&#8221;none&#8221; text_border_underline_color=&#8221;&#8221; text_under_align=&#8221;left&#8221; subtitle=&#8221;&#8221; subtitle_color=&#8221;&#8221; text_content=&#8221;Zum<\/p>\n","protected":false},"author":2,"featured_media":0,"parent":4115,"menu_order":70,"comment_status":"closed","ping_status":"closed","template":"","meta":{"footnotes":""},"class_list":["post-4064","page","type-page","status-publish","hentry"],"_links":{"self":[{"href":"https:\/\/www.camping-first.de\/en\/wp-json\/wp\/v2\/pages\/4064","targetHints":{"allow":["GET"]}}],"collection":[{"href":"https:\/\/www.camping-first.de\/en\/wp-json\/wp\/v2\/pages"}],"about":[{"href":"https:\/\/www.camping-first.de\/en\/wp-json\/wp\/v2\/types\/page"}],"author":[{"embeddable":true,"href":"https:\/\/www.camping-first.de\/en\/wp-json\/wp\/v2\/users\/2"}],"replies":[{"embeddable":true,"href":"https:\/\/www.camping-first.de\/en\/wp-json\/wp\/v2\/comments?post=4064"}],"version-history":[{"count":7,"href":"https:\/\/www.camping-first.de\/en\/wp-json\/wp\/v2\/pages\/4064\/revisions"}],"predecessor-version":[{"id":14762,"href":"https:\/\/www.camping-first.de\/en\/wp-json\/wp\/v2\/pages\/4064\/revisions\/14762"}],"up":[{"embeddable":true,"href":"https:\/\/www.camping-first.de\/en\/wp-json\/wp\/v2\/pages\/4115"}],"wp:attachment":[{"href":"https:\/\/www.camping-first.de\/en\/wp-json\/wp\/v2\/media?parent=4064"}],"curies":[{"name":"wp","href":"https:\/\/api.w.org\/{rel}","templated":true}]}}